{"id":3,"date":"2026-03-31T13:27:08","date_gmt":"2026-03-31T13:27:08","guid":{"rendered":"https:\/\/yamaha-motor.uk.com\/crescent-southampton\/about-us\/"},"modified":"2026-03-31T13:27:08","modified_gmt":"2026-03-31T13:27:08","slug":"about-us","status":"publish","type":"page","link":"https:\/\/yamaha-motor.uk.com\/crescent-southampton\/about-us\/","title":{"rendered":"about Crescent Yamaha Southampton"},"content":{"rendered":"<p>Welcome to Crescent Yamaha Southampton<br \/>\nFollowing a complete refurbishment, the doors our now open for business at Crescent Yamaha in Bursledon, Southampton.<\/p>\n<p>The full Yamaha on-road line-up is here &#8211; from the race bred Supersport R models, the Hyper Naked MT range, the Tracer Sports Tourers, the T\u00e9n\u00e9r\u00e9 Adventure experience to the complete range of lightweights and scooters for economy and mobility. Call now and arrange a test drive on 02380 403203.<\/p>\n<p>The complete Yamaha off-road range with pure race DNA throughout is also available with the award winning WR enduro models and the highly competitive YZ 2-stroke motocross bikes.<\/p>\n<p>Also on display is the all-new and recently launched Yamaha eBike models \u2013 whether mountain biking for enduro, cross country for commuting or the challenge of gravel and trail \u2013 there&#8217;s an eBike designed and built for you.<\/p>\n<p>There&#8217;s even more in store to discover \u2013 with a full range of clothing, parts and accessories available.<\/p>\n<p>Plus our fully qualified (Honda and Yamaha) service and technical team are more than happy to discuss your after sales needs whatever make your make of motorcycle.<\/p>\n<p>There&#8217;s lot&#8217;s to see and experience \u2013 the doors are open and our team look forward to welcoming you.<\/p>\n","protected":false},"excerpt":{"rendered":"<p>Welcome to Crescent Yamaha Southampton Following a complete refurbishment, the doors our now open for business at Crescent Yamaha in Bursledon, Southampton. The full Yamaha on-road line-up is here &#8211; from the race bred Supersport R models, the Hyper Naked MT range, the Tracer Sports Tourers, the T\u00e9n\u00e9r\u00e9 Adventure experience to the complete range of [&hellip;]<\/p>\n","protected":false},"author":2,"featured_media":0,"parent":0,"menu_order":0,"comment_status":"closed","ping_status":"closed","template":"page-about-us.php","meta":{"_acf_changed":false,"footnotes":""},"class_list":["post-3","page","type-page","status-publish","hentry"],"acf":[],"yoast_head":"<!-- This site is optimized with the Yoast SEO plugin v27.1.1 - https:\/\/yoast.com\/product\/yoast-seo-wordpress\/ -->\n<title>Yamaha - Archives - Crescent Yamaha - Southampton - Bursledon, Southampton<\/title>\n<meta name=\"robots\" content=\"index, follow, max-snippet:-1, max-image-preview:large, max-video-preview:-1\" \/>\n<link rel=\"canonical\" href=\"https:\/\/yamaha-motor.uk.com\/crescent-southampton\/about-us\/\" \/>\n<meta property=\"og:locale\" content=\"en_GB\" \/>\n<meta property=\"og:type\" content=\"article\" \/>\n<meta property=\"og:title\" content=\"Yamaha - Archives - Crescent Yamaha - Southampton - Bursledon, Southampton\" \/>\n<meta property=\"og:description\" content=\"Welcome to Crescent Yamaha Southampton Following a complete refurbishment, the doors our now open for business at Crescent Yamaha in Bursledon, Southampton. The full Yamaha on-road line-up is here &#8211; from the race bred Supersport R models, the Hyper Naked MT range, the Tracer Sports Tourers, the T\u00e9n\u00e9r\u00e9 Adventure experience to the complete range of [&hellip;]\" \/>\n<meta property=\"og:url\" content=\"https:\/\/yamaha-motor.uk.com\/crescent-southampton\/about-us\/\" \/>\n<meta property=\"og:site_name\" content=\"Crescent Yamaha - Southampton\" \/>\n<meta name=\"twitter:card\" content=\"summary_large_image\" \/>\n<meta name=\"twitter:title\" content=\"Yamaha - Archives - Crescent Yamaha - Southampton - Bursledon, Southampton\" \/>\n<meta name=\"twitter:label1\" content=\"Estimated reading time\" \/>\n\t<meta name=\"twitter:data1\" content=\"1 minute\" \/>\n<script type=\"application\/ld+json\" class=\"yoast-schema-graph\">{\"@context\":\"https:\/\/schema.org\",\"@graph\":[{\"@type\":\"WebPage\",\"@id\":\"https:\/\/yamaha-motor.uk.com\/crescent-southampton\/about-us\/\",\"url\":\"https:\/\/yamaha-motor.uk.com\/crescent-southampton\/about-us\/\",\"name\":\"Yamaha - Archives - Crescent Yamaha - Southampton - Bursledon, Southampton\",\"isPartOf\":{\"@id\":\"https:\/\/yamaha-motor.uk.com\/crescent-southampton\/#website\"},\"datePublished\":\"2026-03-31T13:27:08+00:00\",\"breadcrumb\":{\"@id\":\"https:\/\/yamaha-motor.uk.com\/crescent-southampton\/about-us\/#breadcrumb\"},\"inLanguage\":\"en-GB\",\"potentialAction\":[{\"@type\":\"ReadAction\",\"target\":[\"https:\/\/yamaha-motor.uk.com\/crescent-southampton\/about-us\/\"]}]},{\"@type\":\"BreadcrumbList\",\"@id\":\"https:\/\/yamaha-motor.uk.com\/crescent-southampton\/about-us\/#breadcrumb\",\"itemListElement\":[{\"@type\":\"ListItem\",\"position\":1,\"name\":\"Home\",\"item\":\"https:\/\/yamaha-motor.uk.com\/crescent-southampton\/\"},{\"@type\":\"ListItem\",\"position\":2,\"name\":\"about Crescent Yamaha Southampton\"}]},{\"@type\":\"WebSite\",\"@id\":\"https:\/\/yamaha-motor.uk.com\/crescent-southampton\/#website\",\"url\":\"https:\/\/yamaha-motor.uk.com\/crescent-southampton\/\",\"name\":\"Crescent Yamaha - Southampton\",\"description\":\"\",\"potentialAction\":[{\"@type\":\"SearchAction\",\"target\":{\"@type\":\"EntryPoint\",\"urlTemplate\":\"https:\/\/yamaha-motor.uk.com\/crescent-southampton\/?s={search_term_string}\"},\"query-input\":{\"@type\":\"PropertyValueSpecification\",\"valueRequired\":true,\"valueName\":\"search_term_string\"}}],\"inLanguage\":\"en-GB\"}]}<\/script>\n<!-- \/ Yoast SEO plugin. -->","yoast_head_json":{"title":"Yamaha - Archives - Crescent Yamaha - Southampton - Bursledon, Southampton","robots":{"index":"index","follow":"follow","max-snippet":"max-snippet:-1","max-image-preview":"max-image-preview:large","max-video-preview":"max-video-preview:-1"},"canonical":"https:\/\/yamaha-motor.uk.com\/crescent-southampton\/about-us\/","og_locale":"en_GB","og_type":"article","og_title":"Yamaha - Archives - Crescent Yamaha - Southampton - Bursledon, Southampton","og_description":"Welcome to Crescent Yamaha Southampton Following a complete refurbishment, the doors our now open for business at Crescent Yamaha in Bursledon, Southampton. The full Yamaha on-road line-up is here &#8211; from the race bred Supersport R models, the Hyper Naked MT range, the Tracer Sports Tourers, the T\u00e9n\u00e9r\u00e9 Adventure experience to the complete range of [&hellip;]","og_url":"https:\/\/yamaha-motor.uk.com\/crescent-southampton\/about-us\/","og_site_name":"Crescent Yamaha - Southampton","twitter_card":"summary_large_image","twitter_title":"Yamaha - Archives - Crescent Yamaha - Southampton - Bursledon, Southampton","twitter_misc":{"Estimated reading time":"1 minute"},"schema":{"@context":"https:\/\/schema.org","@graph":[{"@type":"WebPage","@id":"https:\/\/yamaha-motor.uk.com\/crescent-southampton\/about-us\/","url":"https:\/\/yamaha-motor.uk.com\/crescent-southampton\/about-us\/","name":"Yamaha - Archives - Crescent Yamaha - Southampton - Bursledon, Southampton","isPartOf":{"@id":"https:\/\/yamaha-motor.uk.com\/crescent-southampton\/#website"},"datePublished":"2026-03-31T13:27:08+00:00","breadcrumb":{"@id":"https:\/\/yamaha-motor.uk.com\/crescent-southampton\/about-us\/#breadcrumb"},"inLanguage":"en-GB","potentialAction":[{"@type":"ReadAction","target":["https:\/\/yamaha-motor.uk.com\/crescent-southampton\/about-us\/"]}]},{"@type":"BreadcrumbList","@id":"https:\/\/yamaha-motor.uk.com\/crescent-southampton\/about-us\/#breadcrumb","itemListElement":[{"@type":"ListItem","position":1,"name":"Home","item":"https:\/\/yamaha-motor.uk.com\/crescent-southampton\/"},{"@type":"ListItem","position":2,"name":"about Crescent Yamaha Southampton"}]},{"@type":"WebSite","@id":"https:\/\/yamaha-motor.uk.com\/crescent-southampton\/#website","url":"https:\/\/yamaha-motor.uk.com\/crescent-southampton\/","name":"Crescent Yamaha - Southampton","description":"","potentialAction":[{"@type":"SearchAction","target":{"@type":"EntryPoint","urlTemplate":"https:\/\/yamaha-motor.uk.com\/crescent-southampton\/?s={search_term_string}"},"query-input":{"@type":"PropertyValueSpecification","valueRequired":true,"valueName":"search_term_string"}}],"inLanguage":"en-GB"}]}},"_links":{"self":[{"href":"https:\/\/yamaha-motor.uk.com\/crescent-southampton\/wp-json\/wp\/v2\/pages\/3","targetHints":{"allow":["GET"]}}],"collection":[{"href":"https:\/\/yamaha-motor.uk.com\/crescent-southampton\/wp-json\/wp\/v2\/pages"}],"about":[{"href":"https:\/\/yamaha-motor.uk.com\/crescent-southampton\/wp-json\/wp\/v2\/types\/page"}],"author":[{"embeddable":true,"href":"https:\/\/yamaha-motor.uk.com\/crescent-southampton\/wp-json\/wp\/v2\/users\/2"}],"replies":[{"embeddable":true,"href":"https:\/\/yamaha-motor.uk.com\/crescent-southampton\/wp-json\/wp\/v2\/comments?post=3"}],"version-history":[{"count":1,"href":"https:\/\/yamaha-motor.uk.com\/crescent-southampton\/wp-json\/wp\/v2\/pages\/3\/revisions"}],"predecessor-version":[{"id":4,"href":"https:\/\/yamaha-motor.uk.com\/crescent-southampton\/wp-json\/wp\/v2\/pages\/3\/revisions\/4"}],"wp:attachment":[{"href":"https:\/\/yamaha-motor.uk.com\/crescent-southampton\/wp-json\/wp\/v2\/media?parent=3"}],"curies":[{"name":"wp","href":"https:\/\/api.w.org\/{rel}","templated":true}]}}